{"id":17,"date":"2019-06-05T17:33:55","date_gmt":"2019-06-05T15:33:55","guid":{"rendered":"http:\/\/localhost\/testart\/?page_id=17"},"modified":"2025-10-17T17:33:55","modified_gmt":"2025-10-17T15:33:55","slug":"associazione-culturale","status":"publish","type":"page","link":"https:\/\/www.testart.it\/en\/associazione-culturale\/","title":{"rendered":"L&#8217;Associazione Culturale promuove<br\/>la cultura e gli artisti emergenti"},"content":{"rendered":"<div class=\"wp-block-cover is-light\"><img loading=\"lazy\" decoding=\"async\" width=\"1920\" height=\"1686\" class=\"wp-block-cover__image-background wp-image-585\" alt=\"\" src=\"https:\/\/www.testart.it\/wp-content\/uploads\/testart_profilo.jpg\" style=\"object-position:49% 48%\" data-object-fit=\"cover\" data-object-position=\"49% 48%\" srcset=\"https:\/\/www.testart.it\/wp-content\/uploads\/testart_profilo.jpg 1920w, https:\/\/www.testart.it\/wp-content\/uploads\/testart_profilo-300x263.jpg 300w, https:\/\/www.testart.it\/wp-content\/uploads\/testart_profilo-768x674.jpg 768w, https:\/\/www.testart.it\/wp-content\/uploads\/testart_profilo-1024x899.jpg 1024w, https:\/\/www.testart.it\/wp-content\/uploads\/testart_profilo-480x422.jpg 480w\" sizes=\"auto, (max-width: 1920px) 100vw, 1920px\" \/><span aria-hidden=\"true\" class=\"wp-block-cover__background has-very-dark-gray-background-color has-background-dim-30 has-background-dim\"><\/span><div class=\"wp-block-cover__inner-container is-layout-flow wp-block-cover-is-layout-flow\">\n<p class=\"has-text-align-center\"><\/p>\n<\/div><\/div>\n\n\n\n<div style=\"height:65px\" aria-hidden=\"true\" class=\"wp-block-spacer\"><\/div>\n\n\n\n<blockquote class=\"wp-block-quote is-style-large is-layout-flow wp-block-quote-is-layout-flow\">\n<p>Test\u2019Art nasce dall&#8217;esperienza dei suoi soci fondatori che, uniti dagli stessi obiettivi, hanno creato una nuova realt\u00e0 tutta dedita all&#8217;arte nelle sue molteplici forme.<br>Gli scopi dell\u2019associazione sono di promuovere gli artisti emergenti, di cercare di dare visibilit\u00e0 a coloro che spesso sono fuori dai circuiti tradizionali e promuovere la cultura.  <\/p>\n<\/blockquote>\n\n\n\n<div style=\"height:29px\" aria-hidden=\"true\" class=\"wp-block-spacer\"><\/div>\n\n\n\n<p class=\"has-text-align-center\" style=\"font-size:18px\">Altro obiettivo dell\u2019Associazione, attenta alle problematiche sociali, \u00e8 utilizzare l&#8217;Arte come cassa di risonanza per sensibilizzare il pubblico, amplificando cos\u00ec la comunicazione verbale che da sola non riuscirebbe a fare, toccando emozioni, sfidando le percezioni e stimolando alla riflessione.<br>L\u2019arte come protesta, denuncia e cambiamento sociale.<br><strong><em>Test&#8217;Art<\/em><\/strong> \u00e8 un\u2019associazione culturale no-profit nata ufficialmente nel 2019 e costituita da un gruppo di persone attive gi\u00e0 da anni in diverse realt\u00e0 associative e culturali che integrano sinergicamente le loro diverse esperienze.<br><strong><em>Test\u2019Art<\/em><\/strong> ha inoltre organizzato, insieme a numerosi artisti, raccolte di fondi a favore della Croce Rossa Italiana, del CISDA (Coordinamento Italiano Sostegno Donne Afghane) e della Lega Italiana bambini malati di fibrosi cistica.<br><strong><em>Mostre<\/em><\/strong>: I Cittadini incontrano l\u2019Arte, Personale di Rosa Marasco, Personale di Hamida Sager, La Gioia di Vivere, L\u2019Amore Universale, Insieme per la Pace (Ucraina), Emergenza Afghanistan\u2026<\/p>\n\n\n\n<p class=\"has-text-align-center\" style=\"font-size:18px\"><\/p>\n\n\n\n<div style=\"height:31px\" aria-hidden=\"true\" class=\"wp-block-spacer\"><\/div>\n\n\n\n<p class=\"has-text-align-center has-text-color\" style=\"color:#ff008a;font-size:29px\"><strong>Il valore della cultura e dell&#8217;individuo<\/strong><br><strong>sono al centro delle nostre attivit\u00e0<\/strong><\/p>\n\n\n\n<div style=\"height:35px\" aria-hidden=\"true\" class=\"wp-block-spacer\"><\/div>\n\n\n\n<p class=\"has-text-align-center\" style=\"font-size:18px\">Test&#8217;Art nasce anche per ridare all\u2019 \u201dassociazionismo culturale\u201d il suo senso pi\u00f9 pieno: una unione aperta che vuole sviluppare un approccio \u201cculturale\u201d alla vita, perch\u00e9 cultura \u00e8 sinonimo di apertura, comprensione, capacit\u00e0 critica.<\/p>\n\n\n\n<div style=\"height:22px\" aria-hidden=\"true\" class=\"wp-block-spacer\"><\/div>\n\n\n\n<p class=\"has-text-align-center\" style=\"font-size:18px\"><em><strong>Test&#8217;Art \u00e8 una associazione apartitica e aconfessionale.<\/strong><\/em><\/p>\n\n\n\n<div style=\"height:61px\" aria-hidden=\"true\" class=\"wp-block-spacer\"><\/div>\n\n\n\n<div class=\"wp-block-file\"><a href=\"https:\/\/www.testart.it\/wp-content\/uploads\/2019\/06\/Atto-costitutivo-e-statuto_Testart.pdf\">Atto costitutivo e statuto_Test&#8217;art<\/a><a href=\"https:\/\/www.testart.it\/wp-content\/uploads\/2019\/06\/Atto-costitutivo-e-statuto_Testart.pdf\" class=\"wp-block-file__button wp-element-button\" download>Download<\/a><\/div>\n\n\n\n<div style=\"height:68px\" aria-hidden=\"true\" class=\"wp-block-spacer\"><\/div>\n\n\n\n<h2 class=\"wp-block-heading has-text-align-center\">Test&#8217;Art: i soci fondatori<\/h2>\n\n\n\n<div style=\"height:38px\" aria-hidden=\"true\" class=\"wp-block-spacer\"><\/div>\n\n\n\n<p class=\"has-text-align-center\" style=\"font-size:18px\"> <strong><a href=\"https:\/\/www.testart.it\/index.php\/annacarla-merone\/\">Annacarla Merone<\/a><\/strong>&nbsp;\u2013&nbsp;<em>Presidente<\/em><\/p>\n\n\n\n<p class=\"has-text-align-center\" style=\"font-size:18px\"><a href=\"http:\/\/www.testart.it\/index.php\/alberto-codini-testart\/\"> <\/a><strong><a href=\"https:\/\/www.testart.it\/index.php\/alberto-codini-testart\/\">Alberto Codini&nbsp;<\/a><\/strong>\u2013&nbsp;<em>Direttore Artistico<\/em> <\/p>\n\n\n\n<div class=\"wp-block-columns has-2-columns is-layout-flex wp-container-core-columns-is-layout-9d6595d7 wp-block-columns-is-layout-flex\">\n<div class=\"wp-block-column is-layout-flow wp-block-column-is-layout-flow\">\n<p><\/p>\n<\/div>\n\n\n\n<div class=\"wp-block-column is-layout-flow wp-block-column-is-layout-flow\"><\/div>\n<\/div>\n\n\n\n<p><\/p>","protected":false},"excerpt":{"rendered":"<p>Test\u2019Art nasce dall&#8217;esperienza dei suoi soci fondatori che, uniti dagli stessi obiettivi, hanno creato una nuova realt\u00e0 tutta dedita all&#8217;arte nelle sue molteplici forme.Gli scopi dell\u2019associazione sono di promuovere gli artisti emergenti, di cercare di [&hellip;]<\/p>","protected":false},"author":8,"featured_media":0,"parent":0,"menu_order":0,"comment_status":"closed","ping_status":"closed","template":"","meta":{"_monsterinsights_skip_tracking":false,"_monsterinsights_sitenote_active":false,"_monsterinsights_sitenote_note":"","_monsterinsights_sitenote_category":0,"footnotes":""},"class_list":["post-17","page","type-page","status-publish","hentry"],"yoast_head":"<!-- This site is optimized with the Yoast SEO plugin v26.2 - https:\/\/yoast.com\/wordpress\/plugins\/seo\/ -->\r\n<title>L&#039;Associazione Culturale promuovela cultura e gli artisti emergenti Test&#039;Art<\/title>\r\n<meta name=\"description\" content=\"L&#039;associazione culturale Test&#039;Art vuole promuovere la cultura e gli artisti emergenti, dare visibilit\u00e0 a chi spesso resta fuori dai circuiti tradizionali.\" \/>\r\n<meta name=\"robots\" content=\"index, follow, max-snippet:-1, max-image-preview:large, max-video-preview:-1\" \/>\r\n<link rel=\"canonical\" href=\"https:\/\/www.testart.it\/en\/associazione-culturale\/\" \/>\r\n<meta property=\"og:locale\" content=\"en_GB\" \/>\r\n<meta property=\"og:type\" content=\"article\" \/>\r\n<meta property=\"og:title\" content=\"L&#039;Associazione Culturale promuovela cultura e gli artisti emergenti Test&#039;Art\" \/>\r\n<meta property=\"og:description\" content=\"L&#039;associazione culturale Test&#039;Art vuole promuovere la cultura e gli artisti emergenti, dare visibilit\u00e0 a chi spesso resta fuori dai circuiti tradizionali.\" \/>\r\n<meta property=\"og:url\" content=\"https:\/\/www.testart.it\/en\/associazione-culturale\/\" \/>\r\n<meta property=\"og:site_name\" content=\"Test&#039;Art\" \/>\r\n<meta property=\"article:publisher\" content=\"https:\/\/www.facebook.com\/testart.it\/\" \/>\r\n<meta property=\"article:modified_time\" content=\"2025-10-17T15:33:55+00:00\" \/>\r\n<meta property=\"og:image\" content=\"https:\/\/www.testart.it\/wp-content\/uploads\/testart_profilo.jpg\" \/>\r\n\t<meta property=\"og:image:width\" content=\"1920\" \/>\r\n\t<meta property=\"og:image:height\" content=\"1686\" \/>\r\n\t<meta property=\"og:image:type\" content=\"image\/jpeg\" \/>\r\n<meta name=\"twitter:card\" content=\"summary_large_image\" \/>\r\n<meta name=\"twitter:label1\" content=\"Estimated reading time\" \/>\n\t<meta name=\"twitter:data1\" content=\"2 minutes\" \/>\r\n<script type=\"application\/ld+json\" class=\"yoast-schema-graph\">{\"@context\":\"https:\/\/schema.org\",\"@graph\":[{\"@type\":\"WebPage\",\"@id\":\"https:\/\/www.testart.it\/associazione-culturale\/\",\"url\":\"https:\/\/www.testart.it\/associazione-culturale\/\",\"name\":\"L'Associazione Culturale promuove la cultura e gli artisti emergenti Test&#039;Art\",\"isPartOf\":{\"@id\":\"https:\/\/www.testart.it\/#website\"},\"primaryImageOfPage\":{\"@id\":\"https:\/\/www.testart.it\/associazione-culturale\/#primaryimage\"},\"image\":{\"@id\":\"https:\/\/www.testart.it\/associazione-culturale\/#primaryimage\"},\"thumbnailUrl\":\"https:\/\/www.testart.it\/wp-content\/uploads\/testart_profilo.jpg\",\"datePublished\":\"2019-06-05T15:33:55+00:00\",\"dateModified\":\"2025-10-17T15:33:55+00:00\",\"description\":\"L'associazione culturale Test'Art vuole promuovere la cultura e gli artisti emergenti, dare visibilit\u00e0 a chi spesso resta fuori dai circuiti tradizionali.\",\"breadcrumb\":{\"@id\":\"https:\/\/www.testart.it\/associazione-culturale\/#breadcrumb\"},\"inLanguage\":\"en-GB\",\"potentialAction\":[{\"@type\":\"ReadAction\",\"target\":[\"https:\/\/www.testart.it\/associazione-culturale\/\"]}]},{\"@type\":\"ImageObject\",\"inLanguage\":\"en-GB\",\"@id\":\"https:\/\/www.testart.it\/associazione-culturale\/#primaryimage\",\"url\":\"https:\/\/www.testart.it\/wp-content\/uploads\/testart_profilo.jpg\",\"contentUrl\":\"https:\/\/www.testart.it\/wp-content\/uploads\/testart_profilo.jpg\"},{\"@type\":\"BreadcrumbList\",\"@id\":\"https:\/\/www.testart.it\/associazione-culturale\/#breadcrumb\",\"itemListElement\":[{\"@type\":\"ListItem\",\"position\":1,\"name\":\"Home\",\"item\":\"https:\/\/www.testart.it\/\"},{\"@type\":\"ListItem\",\"position\":2,\"name\":\"L&#8217;Associazione Culturale promuovela cultura e gli artisti emergenti\"}]},{\"@type\":\"WebSite\",\"@id\":\"https:\/\/www.testart.it\/#website\",\"url\":\"https:\/\/www.testart.it\/\",\"name\":\"Test&#039;Art\",\"description\":\"\",\"publisher\":{\"@id\":\"https:\/\/www.testart.it\/#organization\"},\"potentialAction\":[{\"@type\":\"SearchAction\",\"target\":{\"@type\":\"EntryPoint\",\"urlTemplate\":\"https:\/\/www.testart.it\/?s={search_term_string}\"},\"query-input\":{\"@type\":\"PropertyValueSpecification\",\"valueRequired\":true,\"valueName\":\"search_term_string\"}}],\"inLanguage\":\"en-GB\"},{\"@type\":\"Organization\",\"@id\":\"https:\/\/www.testart.it\/#organization\",\"name\":\"Test'Art | Associazione Culturale\",\"url\":\"https:\/\/www.testart.it\/\",\"logo\":{\"@type\":\"ImageObject\",\"inLanguage\":\"en-GB\",\"@id\":\"https:\/\/www.testart.it\/#\/schema\/logo\/image\/\",\"url\":\"https:\/\/www.testart.it\/wp-content\/uploads\/2019\/06\/testart_ORIGINALE_picc.png\",\"contentUrl\":\"https:\/\/www.testart.it\/wp-content\/uploads\/2019\/06\/testart_ORIGINALE_picc.png\",\"width\":250,\"height\":250,\"caption\":\"Test'Art | Associazione Culturale\"},\"image\":{\"@id\":\"https:\/\/www.testart.it\/#\/schema\/logo\/image\/\"},\"sameAs\":[\"https:\/\/www.facebook.com\/testart.it\/\",\"https:\/\/www.instagram.com\/testartcultura\/\"]}]}<\/script>\r\n<!-- \/ Yoast SEO plugin. -->","yoast_head_json":{"title":"L'Associazione Culturale promuovela cultura e gli artisti emergenti Test&#039;Art","description":"L'associazione culturale Test'Art vuole promuovere la cultura e gli artisti emergenti, dare visibilit\u00e0 a chi spesso resta fuori dai circuiti tradizionali.","robots":{"index":"index","follow":"follow","max-snippet":"max-snippet:-1","max-image-preview":"max-image-preview:large","max-video-preview":"max-video-preview:-1"},"canonical":"https:\/\/www.testart.it\/en\/associazione-culturale\/","og_locale":"en_GB","og_type":"article","og_title":"L'Associazione Culturale promuovela cultura e gli artisti emergenti Test&#039;Art","og_description":"L'associazione culturale Test'Art vuole promuovere la cultura e gli artisti emergenti, dare visibilit\u00e0 a chi spesso resta fuori dai circuiti tradizionali.","og_url":"https:\/\/www.testart.it\/en\/associazione-culturale\/","og_site_name":"Test&#039;Art","article_publisher":"https:\/\/www.facebook.com\/testart.it\/","article_modified_time":"2025-10-17T15:33:55+00:00","og_image":[{"width":1920,"height":1686,"url":"https:\/\/www.testart.it\/wp-content\/uploads\/testart_profilo.jpg","type":"image\/jpeg"}],"twitter_card":"summary_large_image","twitter_misc":{"Estimated reading time":"2 minutes"},"schema":{"@context":"https:\/\/schema.org","@graph":[{"@type":"WebPage","@id":"https:\/\/www.testart.it\/associazione-culturale\/","url":"https:\/\/www.testart.it\/associazione-culturale\/","name":"L'Associazione Culturale promuove la cultura e gli artisti emergenti Test&#039;Art","isPartOf":{"@id":"https:\/\/www.testart.it\/#website"},"primaryImageOfPage":{"@id":"https:\/\/www.testart.it\/associazione-culturale\/#primaryimage"},"image":{"@id":"https:\/\/www.testart.it\/associazione-culturale\/#primaryimage"},"thumbnailUrl":"https:\/\/www.testart.it\/wp-content\/uploads\/testart_profilo.jpg","datePublished":"2019-06-05T15:33:55+00:00","dateModified":"2025-10-17T15:33:55+00:00","description":"L'associazione culturale Test'Art vuole promuovere la cultura e gli artisti emergenti, dare visibilit\u00e0 a chi spesso resta fuori dai circuiti tradizionali.","breadcrumb":{"@id":"https:\/\/www.testart.it\/associazione-culturale\/#breadcrumb"},"inLanguage":"en-GB","potentialAction":[{"@type":"ReadAction","target":["https:\/\/www.testart.it\/associazione-culturale\/"]}]},{"@type":"ImageObject","inLanguage":"en-GB","@id":"https:\/\/www.testart.it\/associazione-culturale\/#primaryimage","url":"https:\/\/www.testart.it\/wp-content\/uploads\/testart_profilo.jpg","contentUrl":"https:\/\/www.testart.it\/wp-content\/uploads\/testart_profilo.jpg"},{"@type":"BreadcrumbList","@id":"https:\/\/www.testart.it\/associazione-culturale\/#breadcrumb","itemListElement":[{"@type":"ListItem","position":1,"name":"Home","item":"https:\/\/www.testart.it\/"},{"@type":"ListItem","position":2,"name":"L&#8217;Associazione Culturale promuovela cultura e gli artisti emergenti"}]},{"@type":"WebSite","@id":"https:\/\/www.testart.it\/#website","url":"https:\/\/www.testart.it\/","name":"Test&#039;Art","description":"","publisher":{"@id":"https:\/\/www.testart.it\/#organization"},"potentialAction":[{"@type":"SearchAction","target":{"@type":"EntryPoint","urlTemplate":"https:\/\/www.testart.it\/?s={search_term_string}"},"query-input":{"@type":"PropertyValueSpecification","valueRequired":true,"valueName":"search_term_string"}}],"inLanguage":"en-GB"},{"@type":"Organization","@id":"https:\/\/www.testart.it\/#organization","name":"Test'Art | Associazione Culturale","url":"https:\/\/www.testart.it\/","logo":{"@type":"ImageObject","inLanguage":"en-GB","@id":"https:\/\/www.testart.it\/#\/schema\/logo\/image\/","url":"https:\/\/www.testart.it\/wp-content\/uploads\/2019\/06\/testart_ORIGINALE_picc.png","contentUrl":"https:\/\/www.testart.it\/wp-content\/uploads\/2019\/06\/testart_ORIGINALE_picc.png","width":250,"height":250,"caption":"Test'Art | Associazione Culturale"},"image":{"@id":"https:\/\/www.testart.it\/#\/schema\/logo\/image\/"},"sameAs":["https:\/\/www.facebook.com\/testart.it\/","https:\/\/www.instagram.com\/testartcultura\/"]}]}},"_links":{"self":[{"href":"https:\/\/www.testart.it\/en\/wp-json\/wp\/v2\/pages\/17","targetHints":{"allow":["GET"]}}],"collection":[{"href":"https:\/\/www.testart.it\/en\/wp-json\/wp\/v2\/pages"}],"about":[{"href":"https:\/\/www.testart.it\/en\/wp-json\/wp\/v2\/types\/page"}],"author":[{"embeddable":true,"href":"https:\/\/www.testart.it\/en\/wp-json\/wp\/v2\/users\/8"}],"replies":[{"embeddable":true,"href":"https:\/\/www.testart.it\/en\/wp-json\/wp\/v2\/comments?post=17"}],"version-history":[{"count":129,"href":"https:\/\/www.testart.it\/en\/wp-json\/wp\/v2\/pages\/17\/revisions"}],"predecessor-version":[{"id":2994,"href":"https:\/\/www.testart.it\/en\/wp-json\/wp\/v2\/pages\/17\/revisions\/2994"}],"wp:attachment":[{"href":"https:\/\/www.testart.it\/en\/wp-json\/wp\/v2\/media?parent=17"}],"curies":[{"name":"wp","href":"https:\/\/api.w.org\/{rel}","templated":true}]}}